{"id":4891,"date":"2017-05-12T08:52:20","date_gmt":"2017-05-12T08:52:20","guid":{"rendered":"http:\/\/nb.ieb.kit.edu\/?page_id=4891"},"modified":"2018-11-23T09:16:41","modified_gmt":"2018-11-23T09:16:41","slug":"impressum","status":"publish","type":"page","link":"https:\/\/nb.ieb.kit.edu\/index.php\/impressum\/","title":{"rendered":"Impressum"},"content":{"rendered":"<p><a href=\"#Anbieter\">Anbieter <\/a><br \/>\n<a href=\"#Copyright\">Copyright<\/a><br \/>\n<a href=\"#Haftung\">Haftung<\/a><br \/>\n<a href=\"#Verweise_auf_externe_Web-Seiten\">Verweise auf externe Web-Seiten<\/a><br \/>\n<a href=\"#Datenschutz_und_IT-Sicherheit\">Datenschutz und IT-Sicherheit<\/a><\/p>\n<p>&nbsp;<\/p>\n<p><a name=\"Anbieter\"><\/a><strong>Anbieter<br \/>\n<\/strong>Diensteanbieter im Sinne von \u00a75 Telemediengesetz (TMG) und \u00a755 Rundfunkstaatsvertrag (RStV):<\/p>\n<table border=\"0\" width=\"75%\" cellspacing=\"1\" cellpadding=\"1\">\n<tbody>\n<tr>\n<td>Rechtlicher Sitz:<\/td>\n<td>Karlsruher Institut f\u00fcr Technologie<br \/>\nKaiserstra\u00dfe 12<br \/>\n76131 Karlsruhe<br \/>\nDeutschland<br \/>\nTel.: +49 721 608-0<br \/>\nFax: +49 721 608-44290<br \/>\nE-Mail: <a href=\"mailto:info@kit.edu\">info@kit.edu<\/a><\/td>\n<\/tr>\n<tr>\n<td>Rechtsform:<\/td>\n<td>K\u00f6rperschaft des \u00f6ffentlichen Rechts<\/td>\n<\/tr>\n<tr>\n<td>Vertretungsberechtigt:<\/td>\n<td>Prof. Dr.-Ing. Holger Hanselka (Pr\u00e4sident des KIT)<\/td>\n<\/tr>\n<tr>\n<td>Umsatzsteueridentifikationsnummer:<\/td>\n<td>DE266749428<\/td>\n<\/tr>\n<\/tbody>\n<\/table>\n<p>&nbsp;<\/p>\n<p><a name=\"Copyright\"><\/a><strong>Copyright<br \/>\n<\/strong>F\u00fcr die Internet-Seiten des Karlsruher Instituts f\u00fcr Technologie liegen Copyright und alle weiteren Rechte beim Karlsruher Institut f\u00fcr Technologie, Kaiserstra\u00dfe 12, 76131 Karlsruhe, Deutschland. Weiterverbreitung, auch in Ausz\u00fcgen, f\u00fcr p\u00e4dagogische, wissenschaftliche oder private Zwecke ist unter Angabe der Quelle gestattet (sofern nicht anders an der entsprechenden Stelle ausdr\u00fccklich angegeben). Eine Verwendung im gewerblichen Bereich bedarf der Genehmigung durch das Karlsruher Institut f\u00fcr Technologie. Ansprechpartner ist die <a href=\"mailto:info@kit.edu\" target=\"_blank\" rel=\"noopener noreferrer\">Dienstleistungseinheit Strategische Entwicklung und Kommunikation<\/a>.<\/p>\n<p>&nbsp;<\/p>\n<p><a name=\"Haftung\"><\/a><strong>Haftung<br \/>\n<\/strong>Diese Internetseiten dienen lediglich der Information. Ihr Inhalt wurde mit geb\u00fchrender Sorgfalt zusammengestellt. Das Karlsruher Institut f\u00fcr Technologie \u00fcbernimmt aber keine Garantie, weder ausdr\u00fccklich noch implizit, f\u00fcr die Art oder Richtigkeit des dargebotenen Materials und \u00fcbernimmt keine Haftung (einschlie\u00dflich Haftung f\u00fcr indirekten Verlust oder Gewinn- oder Umsatzverluste) bez\u00fcglich des Materials bzw. der Nutzung dieses Materials. Sollten Inhalte von Web-Seiten des Karlsruher Instituts f\u00fcr Technologie gegen geltende Rechtsvorschriften versto\u00dfen, dann bitten wir um umgehende Benachrichtigung. Wir werden die Seite oder den betreffenden Inhalt dann schnellstm\u00f6glich entfernen.<\/p>\n<p>&nbsp;<\/p>\n<p><a name=\"Verweise_auf_externe_Web-Seiten\"><\/a><strong>Verweise auf externe Web-Seiten<br \/>\n<\/strong>Die Web-Seiten des Karlsruher Instituts f\u00fcr Technologie enthalten Verweise (Links) zu Informationsangeboten auf Servern, die nicht der Kontrolle und Verantwortlichkeit des Karlsruher Instituts f\u00fcr Technologies unterliegen. Das Karlsruher Institut f\u00fcr Technologie \u00fcbernimmt keine Verantwortung und keine Garantie f\u00fcr diese Informationen und billigt oder unterst\u00fctzt diese auch nicht inhaltlich.<\/p>\n<p>&nbsp;<\/p>\n<p><a name=\"Datenschutz_und_IT-Sicherheit\"><\/a><strong>Datenschutz und IT-Sicherheit<br \/>\n<\/strong>Hinweise zum Datenschutz finden Sie in unserer Datenschutzerkl\u00e4rung.<\/p>\n<p>Sollten Sie weitere Fragen zu unseren Datenschutz-Standards haben, wenden Sie sich bitte an unseren <a href=\"mailto:datenschutzbeauftragter@kit.edu\" target=\"_blank\" rel=\"noopener\">Datenschutzbeauftragten<\/a>. M\u00f6chten Sie sich \u00fcber die Konzepte und technische Realisierung unserer IT-Sicherheit informieren, wenden Sie sich bitte an unseren <a href=\"mailto:it-sicherheitsbeauftragter@kit.edu\" target=\"_blank\" rel=\"noopener\">IT-Sicherheitsbeauftragten<\/a>.<\/p>\n","protected":false},"excerpt":{"rendered":"<p>Anbieter Copyright Haftung Verweise auf externe Web-Seiten Datenschutz und IT-Sicherheit &nbsp; Anbieter Diensteanbieter im Sinne von \u00a75 Telemediengesetz (TMG) und \u00a755 Rundfunkstaatsvertrag (RStV): Rechtlicher Sitz: Karlsruher Institut f\u00fcr Technologie Kaiserstra\u00dfe 12 76131 Karlsruhe Deutschland Tel.: +49 721 608-0 Fax: +49 721 608-44290 E-Mail: info@kit.edu Rechtsform: K\u00f6rperschaft des \u00f6ffentlichen Rechts Vertretungsberechtigt: Prof. Dr.-Ing. Holger Hanselka (Pr\u00e4sident [&hellip;]<\/p>\n","protected":false},"author":1,"featured_media":0,"parent":0,"menu_order":0,"comment_status":"closed","ping_status":"closed","template":"","meta":{"spay_email":"","footnotes":""},"jetpack_sharing_enabled":true,"jetpack_shortlink":"https:\/\/wp.me\/P8IIze-1gT","_links":{"self":[{"href":"https:\/\/nb.ieb.kit.edu\/index.php\/wp-json\/wp\/v2\/pages\/4891"}],"collection":[{"href":"https:\/\/nb.ieb.kit.edu\/index.php\/wp-json\/wp\/v2\/pages"}],"about":[{"href":"https:\/\/nb.ieb.kit.edu\/index.php\/wp-json\/wp\/v2\/types\/page"}],"author":[{"embeddable":true,"href":"https:\/\/nb.ieb.kit.edu\/index.php\/wp-json\/wp\/v2\/users\/1"}],"replies":[{"embeddable":true,"href":"https:\/\/nb.ieb.kit.edu\/index.php\/wp-json\/wp\/v2\/comments?post=4891"}],"version-history":[{"count":6,"href":"https:\/\/nb.ieb.kit.edu\/index.php\/wp-json\/wp\/v2\/pages\/4891\/revisions"}],"predecessor-version":[{"id":6018,"href":"https:\/\/nb.ieb.kit.edu\/index.php\/wp-json\/wp\/v2\/pages\/4891\/revisions\/6018"}],"wp:attachment":[{"href":"https:\/\/nb.ieb.kit.edu\/index.php\/wp-json\/wp\/v2\/media?parent=4891"}],"curies":[{"name":"wp","href":"https:\/\/api.w.org\/{rel}","templated":true}]}}